    
{"id":1281,"date":"2025-10-28T07:00:46","date_gmt":"2025-10-28T07:00:46","guid":{"rendered":"https:\/\/steccbeffe.com\/?page_id=1281"},"modified":"2025-10-28T07:38:03","modified_gmt":"2025-10-28T07:38:03","slug":"bedingungen-und-konditionen","status":"publish","type":"page","link":"https:\/\/steccbeffe.com\/?page_id=1281","title":{"rendered":"Bedingungen und Konditionen"},"content":{"rendered":"<p>Bitte lesen Sie diese Bedingungen und Konditionen sorgf\u00e4ltig durch, bevor Sie unseren Service nutzen.<\/p>\n<h2>Auslegung und Definitionen<\/h2>\n<h3>Auslegung<\/h3>\n<p>Die W\u00f6rter, deren Anfangsbuchstaben gro\u00df geschrieben sind, haben die unter den nachstehenden Bedingungen definierte<br \/>\nBedeutung. Die folgenden Definitionen haben dieselbe Bedeutung, unabh\u00e4ngig davon, ob sie im Singular oder im Plural<br \/>\nstehen.<\/p>\n<h3>Definitionen<\/h3>\n<p>F\u00fcr die Zwecke dieser Allgemeinen Gesch\u00e4ftsbedingungen:<\/p>\n<ul>\n<li>Ein<strong>verbundenes Unternehmen<\/strong> ist ein Unternehmen, das eine Partei kontrolliert, von ihr<br \/>\nkontrolliert wird oder mit ihr unter gemeinsamer Kontrolle steht, wobei &#8222;Kontrolle&#8220; den Besitz von 50 %<br \/>\noder mehr der Aktien, Anteile oder anderer Wertpapiere bedeutet, die zur Wahl von Direktoren oder zu anderen<br \/>\nF\u00fchrungsaufgaben berechtigt sind.<\/li>\n<li><strong>Land<\/strong> bezieht sich auf: Ingolstadt, Deutschland<\/li>\n<li><strong>Unternehmen<\/strong> (in dieser Vereinbarung entweder als &#8222;das Unternehmen&#8220;, &#8222;wir&#8220;,<br \/>\n&#8222;uns&#8220; oder &#8222;unser&#8220; bezeichnet) bezieht sich auf Steccbeffe GmbH, G\u00e4rtnerstra\u00dfe 11, 85049 Ingolstadt, Deutschland.<\/li>\n<li><strong>Ger\u00e4t<\/strong> ist jedes Ger\u00e4t, das auf den Dienst zugreifen kann, wie z. B. ein Computer, ein<br \/>\nMobiltelefon oder ein digitales Tablet.<\/li>\n<li>Der<strong>Dienst<\/strong> bezieht sich auf die Website.<\/li>\n<li><strong>Allgemeine Gesch\u00e4ftsbedingungen<\/strong> (auch als &#8222;Bedingungen&#8220; bezeichnet) sind diese<br \/>\nBedingungen, die die gesamte Vereinbarung zwischen Ihnen und dem Unternehmen bez\u00fcglich der Nutzung des Dienstes<br \/>\nbilden.<\/li>\n<li><strong>Sozialer Mediendienst eines Dritten<\/strong> bezeichnet alle Dienste oder Inhalte (einschlie\u00dflich Daten,<br \/>\nInformationen, Produkte oder Dienstleistungen), die von einem Dritten bereitgestellt werden und durch den Dienst<br \/>\nangezeigt, einbezogen oder verf\u00fcgbar gemacht werden k\u00f6nnen.<\/li>\n<li><strong>Die Website<\/strong> verweist auf Steccbeffe GmbH, zug\u00e4nglich \u00fcber <a href=\"https:\/\/steccbeffe.com\/\" target=\"_blank\" rel=\"external nofollow noopener\">https:\/\/steccbeffe.com\/<\/a><\/li>\n<li><strong>Sie<\/strong> sind die nat\u00fcrliche Person, die auf den Dienst zugreift oder ihn nutzt, oder das Unternehmen<br \/>\noder eine andere juristische Person, in deren Namen eine solche Person auf den Dienst zugreift oder ihn nutzt, je<br \/>\nnach Fall.<\/li>\n<\/ul>\n<h2>Danksagung<\/h2>\n<p>Dies sind die allgemeinen Gesch\u00e4ftsbedingungen, die die Nutzung dieses Dienstes regeln und die Vereinbarung zwischen<br \/>\nIhnen und dem Unternehmen. Diese Allgemeinen Gesch\u00e4ftsbedingungen legen die Rechte und Pflichten aller Nutzer in Bezug<br \/>\nauf die Nutzung des Dienstes fest.<\/p>\n<p>Ihr Zugang zu und Ihre Nutzung des Dienstes setzt voraus, dass Sie diese Allgemeinen Gesch\u00e4ftsbedingungen akzeptieren<br \/>\nund einhalten. Diese Allgemeinen Gesch\u00e4ftsbedingungen gelten f\u00fcr alle Besucher, Nutzer und andere, die auf den Dienst<br \/>\nzugreifen oder ihn nutzen.<\/p>\n<p>Indem Sie auf den Dienst zugreifen oder ihn nutzen, erkl\u00e4ren Sie sich mit diesen Allgemeinen Gesch\u00e4ftsbedingungen<br \/>\neinverstanden. Wenn Sie mit einem Teil dieser Bedingungen nicht einverstanden sind, d\u00fcrfen Sie den Dienst nicht<br \/>\nnutzen.<\/p>\n<p>Sie versichern, dass Sie \u00fcber 18 Jahre alt sind. Das Unternehmen erlaubt es Personen unter 18 Jahren nicht, den<br \/>\nService zu nutzen.<\/p>\n<p>Ihr Zugang zu und Ihre Nutzung des Dienstes ist auch davon abh\u00e4ngig, dass Sie die Datenschutzrichtlinie des<br \/>\nUnternehmens akzeptieren und einhalten. Unsere Datenschutzrichtlinie beschreibt unsere Richtlinien und Verfahren f\u00fcr<br \/>\ndie Erfassung, Verwendung und Offenlegung Ihrer pers\u00f6nlichen Daten, wenn Sie die Anwendung oder die Website nutzen,<br \/>\nund informiert Sie \u00fcber Ihre Datenschutzrechte und dar\u00fcber, wie das Gesetz Sie sch\u00fctzt. Bitte lesen Sie unsere<br \/>\nDatenschutzrichtlinie sorgf\u00e4ltig durch, bevor Sie unseren Service nutzen.<\/p>\n<h2>Links zu anderen Websites<\/h2>\n<p>Unser Service kann Links zu Websites oder Diensten Dritter enthalten, die sich nicht im Besitz oder unter der<br \/>\nKontrolle des Unternehmens befinden.<\/p>\n<p>Das Unternehmen hat keine Kontrolle \u00fcber die Inhalte, Datenschutzrichtlinien oder Praktiken von Websites oder<br \/>\nDiensten Dritter und \u00fcbernimmt keine Verantwortung f\u00fcr diese. Sie erkennen ferner an und erkl\u00e4ren sich damit<br \/>\neinverstanden, dass das Unternehmen weder direkt noch indirekt f\u00fcr Sch\u00e4den oder Verluste verantwortlich oder haftbar<br \/>\nist, die durch oder in Verbindung mit der Nutzung von oder dem Vertrauen auf solche Inhalte, Waren oder<br \/>\nDienstleistungen, die auf oder \u00fcber solche Websites oder Dienstleistungen verf\u00fcgbar sind, verursacht wurden oder<br \/>\nangeblich verursacht wurden.<\/p>\n<p>Wir raten Ihnen dringend, die Gesch\u00e4ftsbedingungen und Datenschutzrichtlinien von Websites oder Diensten Dritter, die<br \/>\nSie besuchen, zu lesen.<\/p>\n<h2>Terminierung<\/h2>\n<p>Wir k\u00f6nnen Ihren Zugang sofort und ohne Vorank\u00fcndigung oder Haftung beenden oder aussetzen, aus welchem Grund auch<br \/>\nimmer, einschlie\u00dflich und ohne Einschr\u00e4nkung, wenn Sie gegen diese Bedingungen und Konditionen versto\u00dfen.<\/p>\n<p>Mit der K\u00fcndigung erlischt Ihr Recht zur Nutzung des Dienstes sofort.<\/p>\n<h2>Beschr\u00e4nkung der Haftung<\/h2>\n<p>Ungeachtet etwaiger Sch\u00e4den, die Ihnen entstehen k\u00f6nnten, ist die gesamte Haftung des Unternehmens und seiner<br \/>\nLieferanten gem\u00e4\u00df den Bestimmungen dieser Bedingungen und Ihr ausschlie\u00dflicher Rechtsbehelf f\u00fcr alle vorstehenden<br \/>\nPunkte auf den Betrag beschr\u00e4nkt, den Sie tats\u00e4chlich \u00fcber den Dienst bezahlt haben, oder auf 100 USD, wenn Sie nichts<br \/>\n\u00fcber den Dienst gekauft haben.<\/p>\n<p>Soweit es das geltende Recht zul\u00e4sst, haften das Unternehmen oder seine Zulieferer in keinem Fall f\u00fcr besondere,<br \/>\nzuf\u00e4llige, indirekte oder Folgesch\u00e4den jeglicher Art (einschlie\u00dflich, aber nicht beschr\u00e4nkt auf Sch\u00e4den aus<br \/>\nentgangenem Gewinn, Verlust von Daten oder anderen Informationen, Gesch\u00e4ftsunterbrechung, Personensch\u00e4den, Verlust der<br \/>\nPrivatsph\u00e4re, die sich aus der Nutzung oder der Unm\u00f6glichkeit der Nutzung des Dienstes, der mit dem Dienst genutzten<br \/>\nSoftware und\/oder Hardware Dritter oder in sonstiger Weise in Verbindung mit einer Bestimmung dieser Bedingungen<br \/>\nergeben), selbst wenn das Unternehmen oder ein Lieferant auf die M\u00f6glichkeit solcher Sch\u00e4den hingewiesen wurde und<br \/>\nselbst wenn die Abhilfe ihren wesentlichen Zweck verfehlt.<\/p>\n<p>In einigen Staaten ist der Ausschluss stillschweigender Garantien oder die Beschr\u00e4nkung der Haftung f\u00fcr beil\u00e4ufig<br \/>\nentstandene Sch\u00e4den oder Folgesch\u00e4den nicht zul\u00e4ssig, so dass einige der oben genannten Beschr\u00e4nkungen m\u00f6glicherweise<br \/>\nnicht gelten. In diesen Staaten ist die Haftung jeder Partei auf den gr\u00f6\u00dftm\u00f6glichen gesetzlich zul\u00e4ssigen Umfang<br \/>\nbeschr\u00e4nkt.<\/p>\n<h2>&#8222;AS IS&#8220; und &#8222;AS AVAILABLE&#8220; Haftungsausschluss<\/h2>\n<p>Der Dienst wird Ihnen &#8222;WIE BESEHEN&#8220; und &#8222;WIE VERF\u00dcGBAR&#8220; und mit allen Fehlern und M\u00e4ngeln ohne<br \/>\njegliche Garantie zur Verf\u00fcgung gestellt. Soweit nach geltendem Recht zul\u00e4ssig, lehnt das Unternehmen in seinem<br \/>\neigenen Namen und im Namen seiner verbundenen Unternehmen und seiner und deren jeweiligen Lizenzgebern und<br \/>\nDienstanbietern ausdr\u00fccklich alle ausdr\u00fccklichen, stillschweigenden, gesetzlichen oder sonstigen Gew\u00e4hrleistungen in<br \/>\nBezug auf den Dienst ab, einschlie\u00dflich aller stillschweigenden Gew\u00e4hrleistungen der Marktg\u00e4ngigkeit, der Eignung f\u00fcr<br \/>\neinen bestimmten Zweck, des Eigentumsrechts und der Nichtverletzung von Rechten sowie Gew\u00e4hrleistungen, die sich aus<br \/>\ndem Handelsverlauf, der Leistung, der Nutzung oder der Handelspraxis ergeben k\u00f6nnen. Ohne Einschr\u00e4nkung des<br \/>\nVorstehenden \u00fcbernimmt das Unternehmen keine Garantie oder Verpflichtung und gibt keinerlei Zusicherungen ab, dass der<br \/>\nDienst Ihren Anforderungen entspricht, die beabsichtigten Ergebnisse erzielt, mit anderer Software, Anwendungen,<br \/>\nSystemen oder Diensten kompatibel ist oder zusammenarbeitet, ohne Unterbrechung funktioniert, Leistungs- oder<br \/>\nZuverl\u00e4ssigkeitsstandards erf\u00fcllt oder fehlerfrei ist oder dass Fehler oder M\u00e4ngel behoben werden k\u00f6nnen oder werden.<\/p>\n<p>Ohne das Vorstehende einzuschr\u00e4nken, gibt weder das Unternehmen noch einer der Anbieter des Unternehmens eine<br \/>\nausdr\u00fcckliche oder stillschweigende Zusicherung oder Gew\u00e4hrleistung jeglicher Art: (i) in Bezug auf den Betrieb oder<br \/>\ndie Verf\u00fcgbarkeit des Dienstes oder der darin enthaltenen Informationen, Inhalte und Materialien oder Produkte; (ii)<br \/>\ndass der Dienst ununterbrochen oder fehlerfrei funktioniert; (iii) in Bezug auf die Genauigkeit, Zuverl\u00e4ssigkeit oder<br \/>\nAktualit\u00e4t von Informationen oder Inhalten, die \u00fcber den Dienst bereitgestellt werden; oder (iv) dass der Dienst,<br \/>\nseine Server, die Inhalte oder E-Mails, die von oder im Namen des Unternehmens gesendet werden, frei von Viren,<br \/>\nSkripten, Trojanern, W\u00fcrmern, Malware, Zeitbomben oder anderen sch\u00e4dlichen Komponenten sind.<\/p>\n<p>Einige Gerichtsbarkeiten lassen den Ausschluss bestimmter Arten von Garantien oder Beschr\u00e4nkungen der anwendbaren<br \/>\ngesetzlichen Rechte eines Verbrauchers nicht zu, so dass einige oder alle der oben genannten Ausschl\u00fcsse und<br \/>\nBeschr\u00e4nkungen m\u00f6glicherweise nicht auf Sie zutreffen. In einem solchen Fall werden die in diesem Abschnitt<br \/>\ndargelegten Ausschl\u00fcsse und Beschr\u00e4nkungen jedoch im gr\u00f6\u00dftm\u00f6glichen Umfang angewendet, der nach geltendem Recht<br \/>\ndurchsetzbar ist.<\/p>\n<h2>Geltendes Recht<\/h2>\n<p>F\u00fcr diese Bedingungen und Ihre Nutzung des Dienstes gelten die Gesetze des Landes unter Ausschluss der<br \/>\nKollisionsnormen. Ihre Nutzung der Anwendung kann auch anderen lokalen, staatlichen, nationalen oder internationalen<br \/>\nGesetzen unterliegen.<\/p>\n<h2>Beilegung von Streitigkeiten<\/h2>\n<p>Wenn Sie Bedenken oder Streitigkeiten bez\u00fcglich des Dienstes haben, erkl\u00e4ren Sie sich damit einverstanden, zun\u00e4chst<br \/>\nzu versuchen, die Streitigkeit informell zu l\u00f6sen, indem Sie das Unternehmen kontaktieren.<\/p>\n<h2>F\u00fcr Benutzer aus der Europ\u00e4ischen Union (EU)<\/h2>\n<p>Wenn Sie ein Verbraucher aus der Europ\u00e4ischen Union sind, gelten f\u00fcr Sie die zwingenden Bestimmungen des Rechts des<br \/>\nLandes, in dem Sie Ihren Wohnsitz haben.<\/p>\n<h2>Einhaltung der Rechtsvorschriften der Vereinigten Staaten<\/h2>\n<p>Sie sichern zu und gew\u00e4hrleisten, dass (i) Sie nicht in einem Land ans\u00e4ssig sind, das einem Embargo der US-Regierung<br \/>\nunterliegt oder von der US-Regierung als &#8222;Terroristen unterst\u00fctzendes&#8220; Land eingestuft wurde, und (ii) Sie<br \/>\nnicht auf einer Liste der US-Regierung mit verbotenen oder eingeschr\u00e4nkten Parteien stehen.<\/p>\n<h2>Trennbarkeit und Verzicht<\/h2>\n<h3>Trennbarkeit<\/h3>\n<p>Sollte eine Bestimmung dieser Bedingungen f\u00fcr nicht durchsetzbar oder ung\u00fcltig befunden werden, wird diese Bestimmung<br \/>\nso ge\u00e4ndert und ausgelegt, dass die Ziele dieser Bestimmung so weit wie m\u00f6glich unter dem anwendbaren Recht erreicht<br \/>\nwerden, und die \u00fcbrigen Bestimmungen bleiben in vollem Umfang in Kraft und wirksam.<\/p>\n<h3>Verzicht<\/h3>\n<p>Sofern hierin nichts anderes bestimmt ist, hat das Vers\u00e4umnis, ein Recht auszu\u00fcben oder die Erf\u00fcllung einer<br \/>\nVerpflichtung im Rahmen dieser Bedingungen zu verlangen, keine Auswirkungen auf die F\u00e4higkeit einer Partei, ein<br \/>\nsolches Recht auszu\u00fcben oder eine solche Erf\u00fcllung zu einem sp\u00e4teren Zeitpunkt zu verlangen, noch stellt der Verzicht<br \/>\nauf einen Versto\u00df einen Verzicht auf einen sp\u00e4teren Versto\u00df dar.<\/p>\n<h2>\u00dcbersetzung Dolmetschen<\/h2>\n<p>Diese Allgemeinen Gesch\u00e4ftsbedingungen k\u00f6nnen \u00fcbersetzt worden sein, wenn wir sie Ihnen in unserem Service zur<br \/>\nVerf\u00fcgung gestellt haben. Sie erkl\u00e4ren sich damit einverstanden, dass im Falle eines Rechtsstreits der englische<br \/>\nOriginaltext ma\u00dfgeblich ist.<\/p>\n<h2>\u00c4nderungen an diesen Bedingungen und Konditionen<\/h2>\n<p>Wir behalten uns das Recht vor, diese Bedingungen jederzeit nach unserem alleinigen Ermessen zu \u00e4ndern oder zu<br \/>\nersetzen. Wenn eine \u00c4nderung wesentlich ist, werden wir uns angemessen bem\u00fchen, Sie mindestens 30 Tage vor<br \/>\nInkrafttreten der neuen Bedingungen zu benachrichtigen. Was eine wesentliche \u00c4nderung darstellt, wird nach unserem<br \/>\nalleinigen Ermessen bestimmt.<\/p>\n<p>Indem Sie nach Inkrafttreten dieser \u00c4nderungen weiterhin auf unseren Dienst zugreifen oder ihn nutzen, erkl\u00e4ren Sie<br \/>\nsich mit den \u00fcberarbeiteten Bedingungen einverstanden. Wenn Sie mit den neuen Bedingungen ganz oder teilweise nicht<br \/>\neinverstanden sind, beenden Sie bitte die Nutzung der Website und des Dienstes.<\/p>\n<h2>Kontakt<\/h2>\n<p>Wenn Sie Fragen zu diesen Allgemeinen Gesch\u00e4ftsbedingungen haben, k\u00f6nnen Sie uns kontaktieren:<\/p>\n<ul>\n<li>Per E-Mail: <a href=\"mailto:info@steccbeffe.com\">info@steccbeffe.com<\/a><\/li>\n<\/ul>\n","protected":false},"excerpt":{"rendered":"<p>Bitte lesen Sie diese Bedingungen und Konditionen sorgf\u00e4ltig durch, bevor Sie unseren Service nutzen. Auslegung und Definitionen Auslegung Die W\u00f6rter, deren Anfangsbuchstaben gro\u00df geschrieben sind, haben die unter den nachstehenden&hellip;<\/p>\n","protected":false},"author":1,"featured_media":0,"parent":0,"menu_order":0,"comment_status":"closed","ping_status":"closed","template":"","meta":{"footnotes":""},"class_list":["post-1281","page","type-page","status-publish","hentry"],"_links":{"self":[{"href":"https:\/\/steccbeffe.com\/index.php?rest_route=\/wp\/v2\/pages\/1281","targetHints":{"allow":["GET"]}}],"collection":[{"href":"https:\/\/steccbeffe.com\/index.php?rest_route=\/wp\/v2\/pages"}],"about":[{"href":"https:\/\/steccbeffe.com\/index.php?rest_route=\/wp\/v2\/types\/page"}],"author":[{"embeddable":true,"href":"https:\/\/steccbeffe.com\/index.php?rest_route=\/wp\/v2\/users\/1"}],"replies":[{"embeddable":true,"href":"https:\/\/steccbeffe.com\/index.php?rest_route=%2Fwp%2Fv2%2Fcomments&post=1281"}],"version-history":[{"count":2,"href":"https:\/\/steccbeffe.com\/index.php?rest_route=\/wp\/v2\/pages\/1281\/revisions"}],"predecessor-version":[{"id":1357,"href":"https:\/\/steccbeffe.com\/index.php?rest_route=\/wp\/v2\/pages\/1281\/revisions\/1357"}],"wp:attachment":[{"href":"https:\/\/steccbeffe.com\/index.php?rest_route=%2Fwp%2Fv2%2Fmedia&parent=1281"}],"curies":[{"name":"wp","href":"https:\/\/api.w.org\/{rel}","templated":true}]}}