    
{"id":1230,"date":"2025-10-28T06:15:53","date_gmt":"2025-10-28T06:15:53","guid":{"rendered":"https:\/\/steccbeffe.com\/?page_id=1230"},"modified":"2025-10-28T14:25:06","modified_gmt":"2025-10-28T14:25:06","slug":"uber-uns","status":"publish","type":"page","link":"https:\/\/steccbeffe.com\/?page_id=1230","title":{"rendered":"\u00dcber uns"},"content":{"rendered":"\t\t<div data-elementor-type=\"wp-page\" data-elementor-id=\"1230\" class=\"elementor elementor-1230\">\n\t\t\t\t<div class=\"elementor-element elementor-element-1d1e79d e-flex e-con-boxed e-con e-parent\" data-id=\"1d1e79d\" data-element_type=\"container\">\n\t\t\t\t\t<div class=\"e-con-inner\">\n\t\t\t\t<div class=\"elementor-element elementor-element-a806972 elementor-widget elementor-widget-image\" data-id=\"a806972\" data-element_type=\"widget\" data-widget_type=\"image.default\">\n\t\t\t\t<div class=\"elementor-widget-container\">\n\t\t\t\t\t\t\t\t\t\t\t\t\t\t\t<img fetchpriority=\"high\" decoding=\"async\" width=\"900\" height=\"600\" src=\"https:\/\/steccbeffe.com\/wp-content\/uploads\/2025\/10\/1.webp\" class=\"attachment-full size-full wp-image-1588\" alt=\"\" srcset=\"https:\/\/steccbeffe.com\/wp-content\/uploads\/2025\/10\/1.webp 900w, https:\/\/steccbeffe.com\/wp-content\/uploads\/2025\/10\/1-300x200.webp 300w, https:\/\/steccbeffe.com\/wp-content\/uploads\/2025\/10\/1-768x512.webp 768w, https:\/\/steccbeffe.com\/wp-content\/uploads\/2025\/10\/1-585x390.webp 585w, https:\/\/steccbeffe.com\/wp-content\/uploads\/2025\/10\/1-263x175.webp 263w\" sizes=\"(max-width: 900px) 100vw, 900px\" \/>\t\t\t\t\t\t\t\t\t\t\t\t\t\t\t<\/div>\n\t\t\t\t<\/div>\n\t\t\t\t<div class=\"elementor-element elementor-element-fcca658 elementor-widget elementor-widget-penci-text-block\" data-id=\"fcca658\" data-element_type=\"widget\" data-widget_type=\"penci-text-block.default\">\n\t\t\t\t<div class=\"elementor-widget-container\">\n\t\t\t\t\t\t\t<div class=\"penci-block-vc penci-text-editor\">\n\t\t\t\t\t\t<div class=\"penci-block_content\">\n\t\t\t\t<div class=\"elementor-text-editor elementor-clearfix\"><p><span style=\"font-weight: 400;\">Willkommen bei <\/span><b>Steccbeffe<\/b><span style=\"font-weight: 400;\">, Ihrem sachlichen Nachrichtenportal rund um Wirtschaft, Technologie, Digitalisierung, Karriere und Gesundheit. Unser Ziel ist es, komplexe Themen verst\u00e4ndlich aufzubereiten, Hintergr\u00fcnde zu erkl\u00e4ren und Ihnen Orientierung in einer sich schnell ver\u00e4ndernden Welt zu bieten. Dabei legen wir Wert auf Fakten, \u00fcberpr\u00fcfbare Informationen und praxisnahe Hinweise, ohne \u00fcbertriebene Versprechen oder sensationsheischende Formulierungen.<\/span><\/p><\/div>\n\t\t\t<\/div>\n\t\t<\/div>\n\t\t\t\t\t\t<\/div>\n\t\t\t\t<\/div>\n\t\t\t\t\t<\/div>\n\t\t\t\t<\/div>\n\t\t<div class=\"elementor-element elementor-element-4e6ae30 e-flex e-con-boxed e-con e-parent\" data-id=\"4e6ae30\" data-element_type=\"container\">\n\t\t\t\t\t<div class=\"e-con-inner\">\n\t\t\t\t<div class=\"elementor-element elementor-element-02db440 elementor-widget elementor-widget-penci-text-block\" data-id=\"02db440\" data-element_type=\"widget\" data-widget_type=\"penci-text-block.default\">\n\t\t\t\t<div class=\"elementor-widget-container\">\n\t\t\t\t\t\t\t<div class=\"penci-block-vc penci-text-editor\">\n\t\t\t        <div class=\"penci-border-arrow penci-homepage-title penci-home-latest-posts style-6 pcalign-left pciconp-right pcicon-right block-title-icon-left\">\n            <h3 class=\"inner-arrow\">\n                <span>\n                    <span>Unsere Mission<\/a>                <\/span>\n            <\/h3>\n\t\t\t        <\/div>\n\t\t\t\t\t<div class=\"penci-block_content\">\n\t\t\t\t<div class=\"elementor-text-editor elementor-clearfix\"><p>Unsere Mission bei Steccbeffe ist es, Menschen \u00fcber Entwicklungen zu informieren, die ihr Leben, ihre Arbeit und ihre Zukunft beeinflussen. Wir berichten \u00fcber wirtschaftliche Trends, neue Technologien, Arbeitsmarktver\u00e4nderungen, Gesundheitsthemen und Karrierechancen.<\/p><p>Wir m\u00f6chten unseren Leserinnen und Lesern erm\u00f6glichen, fundierte Entscheidungen zu treffen, sei es bei der pers\u00f6nlichen Vorsorge, beruflichen Neuorientierung oder beim Umgang mit neuen Technologien. Sachlichkeit, Unabh\u00e4ngigkeit und Nachvollziehbarkeit sind dabei unsere Leitprinzipien.<\/p><\/div>\n\t\t\t<\/div>\n\t\t<\/div>\n\t\t\t\t\t\t<\/div>\n\t\t\t\t<\/div>\n\t\t\t\t\t<\/div>\n\t\t\t\t<\/div>\n\t\t<div class=\"elementor-element elementor-element-e90ead4 e-flex e-con-boxed e-con e-parent\" data-id=\"e90ead4\" data-element_type=\"container\">\n\t\t\t\t\t<div class=\"e-con-inner\">\n\t\t\t\t<div class=\"elementor-element elementor-element-cbf1c4d elementor-widget elementor-widget-penci-text-block\" data-id=\"cbf1c4d\" data-element_type=\"widget\" data-widget_type=\"penci-text-block.default\">\n\t\t\t\t<div class=\"elementor-widget-container\">\n\t\t\t\t\t\t\t<div class=\"penci-block-vc penci-text-editor\">\n\t\t\t        <div class=\"penci-border-arrow penci-homepage-title penci-home-latest-posts style-6 pcalign-left pciconp-right pcicon-right block-title-icon-left\">\n            <h3 class=\"inner-arrow\">\n                <span>\n                    <span>Unsere Rubriken<\/a>                <\/span>\n            <\/h3>\n\t\t\t        <\/div>\n\t\t\t\t\t<div class=\"penci-block_content\">\n\t\t\t\t<div class=\"elementor-text-editor elementor-clearfix\"><ol><li><b> Wirtschaft &amp; Finanzen<\/b><b><br \/><\/b><span style=\"font-weight: 400;\"> Hier finden Sie Analysen zu Inflation, Geh\u00e4ltern, staatlicher Unterst\u00fctzung, Handelsbeschr\u00e4nkungen und weiteren wirtschaftlichen Entwicklungen. Wir zeigen auf, wie Ver\u00e4nderungen auf dem Markt den Alltag und die Finanzen von Privatpersonen und Unternehmen beeinflussen.<\/span><\/li><li><b> Digitalwelt &amp; Technologie<\/b><b><br \/><\/b><span style=\"font-weight: 400;\"> In dieser Rubrik besch\u00e4ftigen wir uns mit Digitalisierung, K\u00fcnstlicher Intelligenz, Cloud-Technologien, Automatisierung, Infrastruktur und Innovationen. Wir erkl\u00e4ren, welche Technologien den Alltag, Arbeitspl\u00e4tze und Unternehmen pr\u00e4gen und geben praxisnahe Einblicke.<\/span><\/li><li><b> Karriere &amp; Bildung<\/b><b><br \/><\/b><span style=\"font-weight: 400;\"> Von Umschulungen \u00fcber Weiterbildung bis hin zu Trends auf dem Arbeitsmarkt \u2013 diese Rubrik zeigt, wie man sich beruflich anpasst, neue Kompetenzen erwirbt und Chancen in wachstumsstarken Branchen nutzt.<\/span><\/li><li><b>\u00a0Gesundheit &amp; Lifestyle<br \/><\/b>Wir informieren \u00fcber Ern\u00e4hrung, Bewegung, mentale Gesundheit, Wellness-Trends und Pr\u00e4ventionsstrategien. Dabei legen wir Wert auf wissenschaftlich fundierte Hinweise und umsetzbare Tipps f\u00fcr ein gesundes und aktives Leben.<\/li><\/ol><\/div>\n\t\t\t<\/div>\n\t\t<\/div>\n\t\t\t\t\t\t<\/div>\n\t\t\t\t<\/div>\n\t\t\t\t\t<\/div>\n\t\t\t\t<\/div>\n\t\t<div class=\"elementor-element elementor-element-fbbc85e e-flex e-con-boxed e-con e-parent\" data-id=\"fbbc85e\" data-element_type=\"container\">\n\t\t\t\t\t<div class=\"e-con-inner\">\n\t\t\t\t<div class=\"elementor-element elementor-element-3103901 elementor-widget elementor-widget-penci-text-block\" data-id=\"3103901\" data-element_type=\"widget\" data-widget_type=\"penci-text-block.default\">\n\t\t\t\t<div class=\"elementor-widget-container\">\n\t\t\t\t\t\t\t<div class=\"penci-block-vc penci-text-editor\">\n\t\t\t        <div class=\"penci-border-arrow penci-homepage-title penci-home-latest-posts style-6 pcalign-left pciconp-right pcicon-right block-title-icon-left\">\n            <h3 class=\"inner-arrow\">\n                <span>\n                    <span>Unser Ansatz<\/a>                <\/span>\n            <\/h3>\n\t\t\t        <\/div>\n\t\t\t\t\t<div class=\"penci-block_content\">\n\t\t\t\t<div class=\"elementor-text-editor elementor-clearfix\"><ul><li style=\"font-weight: 400;\" aria-level=\"1\"><b>Faktenbasiert und neutral:<\/b><span style=\"font-weight: 400;\"> Alle Inhalte basieren auf \u00fcberpr\u00fcfbaren Informationen. Wir vermeiden unbelegte Zahlen, politische Spekulationen oder rei\u00dferische Aussagen.<\/span><span style=\"font-weight: 400;\"><br \/><br \/><\/span><\/li><li style=\"font-weight: 400;\" aria-level=\"1\"><b>Expertenwissen:<\/b><span style=\"font-weight: 400;\"> Viele Artikel entstehen in Zusammenarbeit mit Fachleuten aus Wirtschaft, Technologie, Bildung und Gesundheit. Dadurch k\u00f6nnen wir fundierte Analysen und praxisnahe Empfehlungen bieten.<\/span><span style=\"font-weight: 400;\"><br \/><br \/><\/span><\/li><li style=\"font-weight: 400;\" aria-level=\"1\"><b>Verst\u00e4ndlichkeit:<\/b><span style=\"font-weight: 400;\"> Komplexe Themen werden klar strukturiert, mit Unter\u00fcberschriften und zusammenfassenden Abschnitten aufbereitet. Leserinnen und Leser k\u00f6nnen so die wichtigsten Informationen schnell erfassen.<\/span><span style=\"font-weight: 400;\"><br \/><br \/><\/span><\/li><li><b>Praxisorientiert:<\/b><span style=\"font-weight: 400;\"> Neben Hintergrundwissen geben wir Hinweise, die im Alltag, Beruf oder bei pers\u00f6nlichen Entscheidungen umsetzbar sind.<\/span><\/li><\/ul><\/div>\n\t\t\t<\/div>\n\t\t<\/div>\n\t\t\t\t\t\t<\/div>\n\t\t\t\t<\/div>\n\t\t\t\t\t<\/div>\n\t\t\t\t<\/div>\n\t\t<div class=\"elementor-element elementor-element-f0d5cec e-flex e-con-boxed e-con e-parent\" data-id=\"f0d5cec\" data-element_type=\"container\">\n\t\t\t\t\t<div class=\"e-con-inner\">\n\t\t\t\t<div class=\"elementor-element elementor-element-7c63e0a elementor-widget elementor-widget-penci-text-block\" data-id=\"7c63e0a\" data-element_type=\"widget\" data-widget_type=\"penci-text-block.default\">\n\t\t\t\t<div class=\"elementor-widget-container\">\n\t\t\t\t\t\t\t<div class=\"penci-block-vc penci-text-editor\">\n\t\t\t        <div class=\"penci-border-arrow penci-homepage-title penci-home-latest-posts style-6 pcalign-left pciconp-right pcicon-right block-title-icon-left\">\n            <h3 class=\"inner-arrow\">\n                <span>\n                    <span>Unser Team<\/a>                <\/span>\n            <\/h3>\n\t\t\t        <\/div>\n\t\t\t\t\t<div class=\"penci-block_content\">\n\t\t\t\t<div class=\"elementor-text-editor elementor-clearfix\"><p><span style=\"font-weight: 400;\">Bei <\/span><b>Steccbeffe<\/b><span style=\"font-weight: 400;\"> arbeitet ein engagiertes Team von Fachleuten und Redakteuren daran, Ihnen aktuelle, neutrale und gut recherchierte Inhalte zu liefern. Unser Team kombiniert journalistische Erfahrung mit Expertenwissen aus Wirtschaft, Technologie, Gesundheit und Bildung, um unsere Leserinnen und Leser bestm\u00f6glich zu informieren.<\/span><\/p><p><span style=\"font-weight: 400;\">Einige unserer Teammitglieder:<\/span><\/p><ul><li style=\"font-weight: 400;\" aria-level=\"1\"><b>Anna Schreiber<\/b><span style=\"font-weight: 400;\"> \u2013 Redakteurin f\u00fcr Wirtschaft &amp; Finanzen, Expertin f\u00fcr Marktanalysen<\/span><span style=\"font-weight: 400;\"><br \/><br \/><\/span><\/li><li style=\"font-weight: 400;\" aria-level=\"1\"><b>Lukas Neumann<\/b><span style=\"font-weight: 400;\"> \u2013 Technologiejournalist, spezialisiert auf Digitalisierung und KI<\/span><span style=\"font-weight: 400;\"><br \/><br \/><\/span><\/li><li style=\"font-weight: 400;\" aria-level=\"1\"><b>Dr. Katharina Meier<\/b><span style=\"font-weight: 400;\"> \u2013 Gesundheits- und Wellnessexpertin, Autorin f\u00fcr Lifestyle-Themen<\/span><span style=\"font-weight: 400;\"><br \/><br \/><\/span><\/li><li style=\"font-weight: 400;\" aria-level=\"1\"><b>Tobias Richter<\/b><span style=\"font-weight: 400;\"> \u2013 Karriere- und Bildungsexperte, Berater f\u00fcr Umschulung und Weiterqualifikation<\/span><span style=\"font-weight: 400;\"><br \/><br \/><\/span><\/li><li style=\"font-weight: 400;\" aria-level=\"1\"><b>Sophie Wagner<\/b><span style=\"font-weight: 400;\"> \u2013 Redaktionelle Leitung, Koordination und Qualit\u00e4tssicherung der Inhalte<\/span><span style=\"font-weight: 400;\"><br \/><br \/><\/span><\/li><\/ul><p><span style=\"font-weight: 400;\">Unser Team arbeitet eng zusammen, um fundierte, sachliche und verst\u00e4ndliche Inhalte bereitzustellen.<\/span><\/p><\/div>\n\t\t\t<\/div>\n\t\t<\/div>\n\t\t\t\t\t\t<\/div>\n\t\t\t\t<\/div>\n\t\t\t\t\t<\/div>\n\t\t\t\t<\/div>\n\t\t<div class=\"elementor-element elementor-element-3dfd518 e-flex e-con-boxed e-con e-parent\" data-id=\"3dfd518\" data-element_type=\"container\">\n\t\t\t\t\t<div class=\"e-con-inner\">\n\t\t\t\t<div class=\"elementor-element elementor-element-8fa260e elementor-widget elementor-widget-penci-text-block\" data-id=\"8fa260e\" data-element_type=\"widget\" data-widget_type=\"penci-text-block.default\">\n\t\t\t\t<div class=\"elementor-widget-container\">\n\t\t\t\t\t\t\t<div class=\"penci-block-vc penci-text-editor\">\n\t\t\t        <div class=\"penci-border-arrow penci-homepage-title penci-home-latest-posts style-6 pcalign-left pciconp-right pcicon-right block-title-icon-left\">\n            <h3 class=\"inner-arrow\">\n                <span>\n                    <span>Warum Steccbeffe?<\/a>                <\/span>\n            <\/h3>\n\t\t\t        <\/div>\n\t\t\t\t\t<div class=\"penci-block_content\">\n\t\t\t\t<div class=\"elementor-text-editor elementor-clearfix\"><p>In einer Zeit, in der Informationen schnell verf\u00fcgbar, aber nicht immer zuverl\u00e4ssig sind, bietet Steccbeffe Orientierung. Unser Ziel ist es, Ihnen nicht nur Nachrichten zu liefern, sondern das \u201eWarum\u201c und \u201eWie\u201c dahinter verst\u00e4ndlich zu erkl\u00e4ren. Wir wollen, dass Sie informierte Entscheidungen treffen k\u00f6nnen \u2013 sei es \u00fcber Finanzen, Karrierewege, Gesundheit oder den Einsatz neuer Technologien.<\/p><p>Bei Steccbeffe stehen Neutralit\u00e4t, Sachlichkeit und Praxisbezug im Mittelpunkt. Unser Anspruch ist es, Leserinnen und Lesern einen zuverl\u00e4ssigen Kompass in einer komplexen und dynamischen Welt zu bieten.<\/p><\/div>\n\t\t\t<\/div>\n\t\t<\/div>\n\t\t\t\t\t\t<\/div>\n\t\t\t\t<\/div>\n\t\t\t\t\t<\/div>\n\t\t\t\t<\/div>\n\t\t<div class=\"elementor-element elementor-element-6ff7a14 e-flex e-con-boxed e-con e-parent\" data-id=\"6ff7a14\" data-element_type=\"container\">\n\t\t\t\t\t<div class=\"e-con-inner\">\n\t\t\t\t<div class=\"elementor-element elementor-element-a9cd170 elementor-widget elementor-widget-penci-text-block\" data-id=\"a9cd170\" data-element_type=\"widget\" data-widget_type=\"penci-text-block.default\">\n\t\t\t\t<div class=\"elementor-widget-container\">\n\t\t\t\t\t\t\t<div class=\"penci-block-vc penci-text-editor\">\n\t\t\t\t\t\t<div class=\"penci-block_content\">\n\t\t\t\t<div class=\"elementor-text-editor elementor-clearfix\"><p><b>Steccbeffe \u2013 Ihr sachlicher Kompass f\u00fcr Wirtschaft, Technologie und Lebensalltag.<\/b><\/p><\/div>\n\t\t\t<\/div>\n\t\t<\/div>\n\t\t\t\t\t\t<\/div>\n\t\t\t\t<\/div>\n\t\t\t\t\t<\/div>\n\t\t\t\t<\/div>\n\t\t\t\t<\/div>\n\t\t","protected":false},"excerpt":{"rendered":"<p>Willkommen bei Steccbeffe, Ihrem sachlichen Nachrichtenportal rund um Wirtschaft, Technologie, Digitalisierung, Karriere und Gesundheit. Unser Ziel ist es, komplexe Themen verst\u00e4ndlich aufzubereiten, Hintergr\u00fcnde zu erkl\u00e4ren und Ihnen Orientierung in einer&hellip;<\/p>\n","protected":false},"author":1,"featured_media":0,"parent":0,"menu_order":0,"comment_status":"closed","ping_status":"closed","template":"","meta":{"footnotes":""},"class_list":["post-1230","page","type-page","status-publish","hentry"],"_links":{"self":[{"href":"https:\/\/steccbeffe.com\/index.php?rest_route=\/wp\/v2\/pages\/1230","targetHints":{"allow":["GET"]}}],"collection":[{"href":"https:\/\/steccbeffe.com\/index.php?rest_route=\/wp\/v2\/pages"}],"about":[{"href":"https:\/\/steccbeffe.com\/index.php?rest_route=\/wp\/v2\/types\/page"}],"author":[{"embeddable":true,"href":"https:\/\/steccbeffe.com\/index.php?rest_route=\/wp\/v2\/users\/1"}],"replies":[{"embeddable":true,"href":"https:\/\/steccbeffe.com\/index.php?rest_route=%2Fwp%2Fv2%2Fcomments&post=1230"}],"version-history":[{"count":52,"href":"https:\/\/steccbeffe.com\/index.php?rest_route=\/wp\/v2\/pages\/1230\/revisions"}],"predecessor-version":[{"id":1594,"href":"https:\/\/steccbeffe.com\/index.php?rest_route=\/wp\/v2\/pages\/1230\/revisions\/1594"}],"wp:attachment":[{"href":"https:\/\/steccbeffe.com\/index.php?rest_route=%2Fwp%2Fv2%2Fmedia&parent=1230"}],"curies":[{"name":"wp","href":"https:\/\/api.w.org\/{rel}","templated":true}]}}